{"id":1550,"date":"2023-01-20T10:29:40","date_gmt":"2023-01-20T10:29:40","guid":{"rendered":"https:\/\/asuntoojala.fi\/?page_id=1550"},"modified":"2023-01-20T10:51:49","modified_gmt":"2023-01-20T10:51:49","slug":"privacy-policy-2","status":"publish","type":"page","link":"https:\/\/asuntoojala.fi\/?page_id=1550","title":{"rendered":"Privacy Policy"},"content":{"rendered":"\t\t<div data-elementor-type=\"wp-page\" data-elementor-id=\"1550\" class=\"elementor elementor-1550\">\n\t\t\t\t\t\t\t\t\t<section class=\"elementor-section elementor-top-section elementor-element elementor-element-d51b2aa elementor-section-boxed elementor-section-height-default elementor-section-height-default\" data-id=\"d51b2aa\" data-element_type=\"section\" data-settings=\"{&quot;background_background&quot;:&quot;classic&quot;}\">\n\t\t\t\t\t\t\t<div class=\"elementor-background-overlay\"><\/div>\n\t\t\t\t\t\t\t<div class=\"elementor-container elementor-column-gap-default\">\n\t\t\t\t\t<div class=\"elementor-column elementor-col-100 elementor-top-column elementor-element elementor-element-0e844f5\" data-id=\"0e844f5\" data-element_type=\"column\" data-settings=\"{&quot;background_background&quot;:&quot;classic&quot;}\">\n\t\t\t<div class=\"elementor-widget-wrap elementor-element-populated\">\n\t\t\t\t\t\t\t\t<div class=\"elementor-element elementor-element-2710c63 elementor-widget elementor-widget-heading\" data-id=\"2710c63\" data-element_type=\"widget\" data-widget_type=\"heading.default\">\n\t\t\t\t<div class=\"elementor-widget-container\">\n\t\t\t<style>\/*! elementor - v3.9.2 - 28-12-2022 *\/\n.elementor-heading-title{padding:0;margin:0;line-height:1}.elementor-widget-heading .elementor-heading-title[class*=elementor-size-]>a{color:inherit;font-size:inherit;line-height:inherit}.elementor-widget-heading .elementor-heading-title.elementor-size-small{font-size:15px}.elementor-widget-heading .elementor-heading-title.elementor-size-medium{font-size:19px}.elementor-widget-heading .elementor-heading-title.elementor-size-large{font-size:29px}.elementor-widget-heading .elementor-heading-title.elementor-size-xl{font-size:39px}.elementor-widget-heading .elementor-heading-title.elementor-size-xxl{font-size:59px}<\/style><h2 class=\"elementor-heading-title elementor-size-default\">Henkil\u00f6tietojen k\u00e4ytt\u00f6 ja tietosuoja<\/h2>\t\t<\/div>\n\t\t\t\t<\/div>\n\t\t\t\t<div class=\"elementor-element elementor-element-26e2af1 elementor-widget elementor-widget-text-editor\" data-id=\"26e2af1\" data-element_type=\"widget\" data-widget_type=\"text-editor.default\">\n\t\t\t\t<div class=\"elementor-widget-container\">\n\t\t\t<style>\/*! elementor - v3.9.2 - 28-12-2022 *\/\n.elementor-widget-text-editor.elementor-drop-cap-view-stacked .elementor-drop-cap{background-color:#818a91;color:#fff}.elementor-widget-text-editor.elementor-drop-cap-view-framed .elementor-drop-cap{color:#818a91;border:3px solid;background-color:transparent}.elementor-widget-text-editor:not(.elementor-drop-cap-view-default) .elementor-drop-cap{margin-top:8px}.elementor-widget-text-editor:not(.elementor-drop-cap-view-default) .elementor-drop-cap-letter{width:1em;height:1em}.elementor-widget-text-editor .elementor-drop-cap{float:left;text-align:center;line-height:1;font-size:50px}.elementor-widget-text-editor .elementor-drop-cap-letter{display:inline-block}<\/style>\t\t\t\t<p><strong>HENKIL\u00d6TIETOJEN K\u00c4SITTELY ASUNTO OJALA OY:SS\u00c4<\/strong><\/p>\n<p><strong>Yleist\u00e4<\/strong><\/p>\n<p>Asunto Ojala Oy on P\u00e4ij\u00e4t-H\u00e4meess\u00e4 p\u00e4\u00e4asiallisesti toimiva kiinteist\u00f6nv\u00e4litysalan yritys.<\/p>\n<p><strong>Asiakastietojen k\u00e4sittely&nbsp;<\/strong>Korkean tietosuojan ja tietoturvan tason turvaaminen on ensiarvoisen t\u00e4rke\u00e4\u00e4 kaikessa toiminnassamme. Huolehdimme, ett\u00e4 yksityisyyden suoja toteutuu henkil\u00f6tietojen k\u00e4sittelyss\u00e4.<\/p>\n<p><strong>Mit\u00e4 on henkil\u00f6tieto?<\/strong>&nbsp;Henkil\u00f6tietoa on kaikki tieto, josta luonnollinen henkil\u00f6 voidaan tunnistaa suoraan tai tietoja eri tavoin yhdistelem\u00e4ll\u00e4. Henkil\u00f6tietoja ovat esimerkiksi nimi, osoite, henkil\u00f6tunnus, puhelinnumero ja s\u00e4hk\u00f6postiosoite. Henkil\u00f6tietoja ovat lis\u00e4ksi tilinumero ja muut asiakkuuteen liittyv\u00e4t tiedot. Henkil\u00f6tietoja eiv\u00e4t ole oikeushenkil\u00f6\u00e4 koskevat tiedot.<\/p>\n<p><strong>Kuka on rekister\u00f6ity?&nbsp;<\/strong>Rekister\u00f6ity on<strong>&nbsp;<\/strong>luonnollinen henkil\u00f6, kuten henkil\u00f6asiakas, jonka tietoja esimerkiksi yrityksemme k\u00e4sittelee asiakasrekisteriss\u00e4\u00e4n. Rekister\u00f6ityj\u00e4 ovat lis\u00e4ksi my\u00f6s esimerkiksi edunvalvojat, vastuunalaiset yhti\u00f6miehet, omistajat ja yritysasiakkaiden tosiasialliset edunsaajat.<\/p>\n<p><strong>Miten k\u00e4sittelemme ja k\u00e4yt\u00e4mme henkil\u00f6tietoja?&nbsp;<\/strong>K\u00e4sittelemme ja k\u00e4yt\u00e4mme henkil\u00f6tietoja vain etuk\u00e4teen m\u00e4\u00e4riteltyihin k\u00e4ytt\u00f6tarkoituksiin tai niiden kanssa yhteensopiviin tarkoituksiin. Varmistamme my\u00f6s, ett\u00e4 k\u00e4sittelylle on laillinen peruste, kuten sopimus, meit\u00e4 velvoittava lains\u00e4\u00e4d\u00e4nt\u00f6, oikeutettu etu tai suostumus. K\u00e4sittelemme henkil\u00f6tietoja huolellisesti ja lains\u00e4\u00e4d\u00e4nn\u00f6n velvoitteiden mukaisesti noudattaen hyv\u00e4\u00e4 tietojenk\u00e4sittelytapaa.<\/p>\n<p><strong>Mist\u00e4 saamme henkil\u00f6tietoja?<\/strong>&nbsp;Ker\u00e4\u00e4mme henkil\u00f6tietoja p\u00e4\u00e4asiassa henkil\u00f6lt\u00e4 itselt\u00e4\u00e4n tai h\u00e4nen edustajaltaan. Hankimme henkil\u00f6tietoja my\u00f6s luotettavista ulkoisista l\u00e4hteist\u00e4, kuten viranomaisten yll\u00e4pit\u00e4mist\u00e4 rekistereist\u00e4 ja luottotietorekisterist\u00e4 tapaukseen soveltuvan lains\u00e4\u00e4d\u00e4nn\u00f6n mukaisesti.<\/p>\n<p><strong>Kenelle voimme luovuttaa henkil\u00f6tietojasi?&nbsp;<\/strong>Tietojen luovuttaminen sivulliselle on mahdollista asiakkaan antaman suostumuksen perusteella tai lain perusteella.<\/p>\n<p><strong>Miten suojaamme henkil\u00f6tietosi?&nbsp;<\/strong>Valvomme asiakastietoihin p\u00e4\u00e4sy\u00e4 ja niiden k\u00e4sittely\u00e4 muun muassa k\u00e4ytt\u00f6oikeuksien hallinnalla ja valvonnalla ja seuraamalla j\u00e4rjestelmien k\u00e4ytt\u00f6\u00e4. Puutumme v\u00e4\u00e4rink\u00e4yt\u00f6ksiin v\u00e4litt\u00f6m\u00e4sti. Varmistamme my\u00f6s henkil\u00f6st\u00f6mme osaamisen muun muassa s\u00e4\u00e4nn\u00f6nmukaisilla koulutuksilla.<\/p>\n<p><strong>Mit\u00e4 oikeuksia rekister\u00f6idyll\u00e4 on?<\/strong>&nbsp;Asiakkaalla on oikeus muun muassa<\/p>\n<ul>\n<li>tutustua itse\u00e4\u00e4n koskeviin henkil\u00f6tietoihin ja saada niist\u00e4 j\u00e4ljenn\u00f6s rekisterinpit\u00e4j\u00e4lt\u00e4 (tarkastusoikeus),<\/li>\n<li>saada rekisterinpit\u00e4j\u00e4lt\u00e4 suostumuksen tai palvelun k\u00e4yt\u00f6n perusteella automaattisesti k\u00e4sitelt\u00e4v\u00e4t henkil\u00f6tiedot koneellisesti luettavassa muodossa (siirto-oikeus),<\/li>\n<li>vaatia rekisterinpit\u00e4j\u00e4lt\u00e4 itse\u00e4\u00e4n koskevan virheellisen tiedon oikaisemista, poistamista tai t\u00e4ydent\u00e4mist\u00e4 ja<\/li>\n<li>kielt\u00e4\u00e4 rekisterinpit\u00e4j\u00e4\u00e4 k\u00e4sittelem\u00e4st\u00e4 henkil\u00f6tietojaan esimerkiksi suoramainontaa, et\u00e4myynti\u00e4 ja muuta suoramarkkinointia varten.<\/li>\n<\/ul>\n<p><strong>Miten rekister\u00f6ity voi k\u00e4ytt\u00e4\u00e4 oikeuksiaan?&nbsp;<\/strong>Henkil\u00f6tietojen k\u00e4sittely\u00e4 koskevissa kysymyksiss\u00e4 ja pyynn\u00f6iss\u00e4 sek\u00e4 tarkastus- ja muissa pyynn\u00f6iss\u00e4 tulee ottaa&nbsp; yhteytt\u00e4 rekisterinpit\u00e4j\u00e4\u00e4n, joka m\u00e4\u00e4r\u00e4ytyy asiakkuuden perusteella.<\/p>\n<p><strong>Ev\u00e4steiden k\u00e4ytt\u00f6<\/strong><\/p>\n<p><strong>Mik\u00e4 ev\u00e4ste on?<\/strong><\/p>\n<p>Ev\u00e4ste on sivuston pieni, k\u00e4ytt\u00e4j\u00e4n omalle tietokoneelle l\u00e4hetett\u00e4v\u00e4 ja siell\u00e4 s\u00e4ilytett\u00e4v\u00e4 tekstitiedosto. Ev\u00e4steet eiv\u00e4t vahingoita k\u00e4ytt\u00e4jien tietokoneita tai tiedostoja.<\/p>\n<p><strong>Mihin ev\u00e4steit\u00e4 k\u00e4ytet\u00e4\u00e4n?<\/strong><\/p>\n<p>K\u00e4yt\u00e4mme ev\u00e4steit\u00e4 (cookies) palvelussamme k\u00e4ytt\u00e4j\u00e4yst\u00e4v\u00e4llisyyden, tehokkuuden ja turvallisuuden parantamiseksi. Ev\u00e4steiden avulla seuraamme palvelujen k\u00e4ytt\u00f6\u00e4, parannamme sivuston sis\u00e4lt\u00f6j\u00e4 ja k\u00e4ytett\u00e4vyytt\u00e4, sek\u00e4 tarjoamme asiakkaiden tarpeiden mukaisia tietoja ja palveluita.<\/p>\n<p>K\u00e4yt\u00e4mme ev\u00e4steit\u00e4 palveluidemme tarjoamiseen ja kehitt\u00e4miseen. K\u00e4yt\u00e4mme ev\u00e4steit\u00e4 my\u00f6s sis\u00e4ll\u00f6n yksil\u00f6imiseen ja mainonnan kohdistamiseen. Ev\u00e4steiden avulla voimme tarjota paremmin ajantasaisia ja yksil\u00f6llisi\u00e4 palveluita n\u00e4ytt\u00e4m\u00e4ll\u00e4 k\u00e4ytt\u00e4j\u00e4n kiinnostuksen kohteisiin perustuvaa sis\u00e4lt\u00f6\u00e4.<\/p>\n<p>Ev\u00e4steiden avulla ker\u00e4tty tieto on luonteeltaan anonyymia, emmek\u00e4 yhdist\u00e4 ev\u00e4steiden avulla saatavia tietoja henkil\u00f6tietoihin.<\/p>\n<p>Emme ker\u00e4\u00e4 ev\u00e4steill\u00e4 k\u00e4ytt\u00e4jist\u00e4 yksil\u00f6ivi\u00e4 tietoja kuten s\u00e4hk\u00f6postiosoitteita, puhelinnumeroita tai luottokorttien numeroita.<\/p>\n<p><strong>Miten ev\u00e4steiden k\u00e4yt\u00f6n voi est\u00e4\u00e4?<\/strong><\/p>\n<p>Ev\u00e4steet on mahdollista ottaa pois k\u00e4yt\u00f6st\u00e4 internetselaimen asetuksista k\u00e4sin, mutta verkkopalvelun toiminnallisuus saattaa t\u00e4ll\u00f6in heikenty\u00e4.<\/p>\n<p><strong>TIETOSUOJASELOSTE<\/strong><\/p>\n<p>T\u00e4ll\u00e4 tietosuojaselosteella annetaan sek\u00e4 henkil\u00f6tietolain ett\u00e4 EU:n yleisen tietosuoja-asetuksen edellytt\u00e4mi\u00e4 tietoja yht\u00e4\u00e4lt\u00e4 rekister\u00f6idylle ja toisaalta valvovalle viranomaiselle.<\/p>\n<p>T\u00e4ss\u00e4 selosteessa kuvataan, miten asiakastietoja k\u00e4sitell\u00e4\u00e4n Asunto Ojala Oy:n toiminnassa.<\/p>\n<p><strong>1 Rekisterinpit\u00e4j\u00e4 ja rekisterinpit\u00e4j\u00e4n yhteystiedot<\/strong><\/p>\n<p>Rekisterinpit\u00e4j\u00e4<br>\nAsunto Ojala Oy (y-tunnus 0908190-0)<\/p>\n<p>Yhteyshenkil\u00f6<br>\nHannu Ojala<\/p>\n<p>Arhamankatu 4<br>\n15230 LAHTI<\/p>\n<p>puhelin:&nbsp;050&nbsp;375 9620<br>\ns\u00e4hk\u00f6postiosoite:&nbsp;<a style=\"\" href=\"mailto:hannu.ojala@asuntoojala.fi\">hannu.ojala@asuntoojala.fi<\/a><\/p>\n<ol start=\"2\">\n<li><strong>Rekisterin nimi<\/strong><\/li>\n<\/ol>\n<p>Asunto Ojala Oy:n asiakasrekisteri<\/p>\n<ol start=\"3\">\n<li><strong>Henkil\u00f6tietojen k\u00e4sittelyn tarkoitukset<\/strong><\/li>\n<\/ol>\n<p>Henkil\u00f6tietojen k\u00e4sittelyn tarkoituksena on asiakassuhteen hoitaminen, hallinnointi, kehitt\u00e4minen ja analysointi. Asiakastietoja voidaan k\u00e4ytt\u00e4\u00e4 my\u00f6s asiakasviestint\u00e4\u00e4n, jota voidaan toteuttaa my\u00f6s s\u00e4hk\u00f6isesti.<\/p>\n<p>Henkil\u00f6tietoja k\u00e4sitell\u00e4\u00e4n rekisterinpit\u00e4j\u00e4n oman liiketoiminnan suunnitteluun, toteuttamiseen, analysointiin ja kehitt\u00e4miseen. Lis\u00e4ksi henkil\u00f6tietoja voidaan k\u00e4ytt\u00e4\u00e4 rekisterinpit\u00e4j\u00e4n markkinointiin, mukaan lukien suoramarkkinointi ja mielipide- ja markkinatutkimukset. N\u00e4m\u00e4 tutkimukset voidaan toteuttaa my\u00f6s s\u00e4hk\u00f6isesti.<\/p>\n<ol start=\"4\">\n<li><strong>K\u00e4sittelyn oikeusperuste<\/strong><\/li>\n<\/ol>\n<table width=\"800\">\n<tbody>\n<tr>\n<td><strong>Peruste<\/strong><\/td>\n<td><strong>Esimerkkej\u00e4<\/strong><\/td>\n<\/tr>\n<tr>\n<td>Sopimussuhde tai sopimuksen<br>\ntekemist\u00e4 edelt\u00e4v\u00e4t toimet<\/td>\n<td>Asuntokaupan toteuttamiseen liittyv\u00e4t<br>\ntoimenpiteet edellytt\u00e4v\u00e4t asiakastietojen<br>\nk\u00e4sittely\u00e4, asiakassuhteen hoito<\/td>\n<\/tr>\n<tr>\n<td>Rekister\u00f6idyn suostumus<\/td>\n<td>Suoramarkkinointi s\u00e4hk\u00f6isi\u00e4 kanavia k\u00e4ytt\u00e4en<\/td>\n<\/tr>\n<tr>\n<td>Lakis\u00e4\u00e4teinen velvoite<\/td>\n<td>Rahanpesun est\u00e4mist\u00e4 ja selvitt\u00e4mist\u00e4<br>\nkoskeva lains\u00e4\u00e4d\u00e4nt\u00f6<\/td>\n<\/tr>\n<tr>\n<td><\/td>\n<td><\/td>\n<\/tr>\n<\/tbody>\n<\/table>\n<ol start=\"5\">\n<li><strong>Kuvaus rekister\u00f6idyist\u00e4 tietoryhmist\u00e4<\/strong><\/li>\n<\/ol>\n<p>Asiakasrekisteriss\u00e4 voidaan k\u00e4sitell\u00e4 seuraavia henkil\u00f6tietoryhmi\u00e4:<\/p>\n<p>Henkil\u00f6\u00f6n liittyv\u00e4t perustiedot<\/p>\n<ul>\n<li>nimitiedot<\/li>\n<li>yhteystiedot (postiosoite, puhelinnumero, s\u00e4hk\u00f6postiosoite)<\/li>\n<li>henkil\u00f6tunnus, syntym\u00e4aika<\/li>\n<\/ul>\n<p>Toimeksiantoon ja sen hoitamiseen liittyv\u00e4t tiedot<\/p>\n<ul>\n<li>toimeksiannon vastaanottop\u00e4iv\u00e4 ja voimassaoloaika<\/li>\n<li>sopimuksen sis\u00e4lt\u00f6<\/li>\n<li>v\u00e4litett\u00e4v\u00e4\u00e4 kohdetta koskevat tiedot<\/li>\n<li>toimeksiannon toteuttamista varten tarpeelliset tiedot, kuten verotuskohtelun selvittely\u00e4 varten annetut tiedot<\/li>\n<li>vastaanotetut tarjoukset ja niiden sis\u00e4lt\u00f6<\/li>\n<li>toimeksiannon mukaista kauppaa tai muuta sopimusta koskevat tiedot<\/li>\n<li>lains\u00e4\u00e4d\u00e4nn\u00f6n m\u00e4\u00e4rittelem\u00e4t tuntemistiedot, kuten asiakkaan tunnistamiseksi ja poliittisen vaikutusvallan selvitt\u00e4miseksi tarpeelliset tiedot<\/li>\n<\/ul>\n<p>Muut asiakkuuteen ja muuhun asiayhteyteen liittyv\u00e4t tiedot:<\/p>\n<ul>\n<li>henkil\u00f6n antamat suostumukset ja kiellot eri k\u00e4ytt\u00f6tarkoituksiin, kuten suostumus s\u00e4hk\u00f6iseen markkinointiin.<\/li>\n<li>asiakkaan kiinnostuksen kohteena olevat asunnot tai kohteet<\/li>\n<li>asiakkuuteen tai asiayhteyteen liittyv\u00e4 yhteydenpito, palautteet, reklamaatiot<\/li>\n<li>henkil\u00f6n verkkok\u00e4ytt\u00e4ytymisen ja palveluiden k\u00e4yt\u00f6n seuranta esimerkiksi ev\u00e4steiden avulla. Ker\u00e4tt\u00e4v\u00e4 tieto voi olla esimerkiksi k\u00e4ytt\u00e4j\u00e4n selailema sivu, IP-osoite, istunnon aika ja kesto.<\/li>\n<\/ul>\n<ol start=\"6\">\n<li><strong>Mist\u00e4 henkil\u00f6tietoja p\u00e4\u00e4asiallisesti hankitaan<\/strong><\/li>\n<\/ol>\n<p>Henkil\u00f6tietoja ker\u00e4t\u00e4\u00e4n rekister\u00f6idylt\u00e4 itselt\u00e4\u00e4n muun muassa rekister\u00f6idyn k\u00e4ytt\u00e4ess\u00e4 rekisterinpit\u00e4j\u00e4n palveluita.<\/p>\n<p>Rekisterinpit\u00e4j\u00e4 voi ker\u00e4t\u00e4 ja yll\u00e4pit\u00e4\u00e4 rekister\u00f6ity\u00e4 koskevia henkil\u00f6tietoja lain sallimissa puitteissa kolmansien osapuolten rekistereist\u00e4 kuten<\/p>\n<ul>\n<li>maanmittauslaitokselta<\/li>\n<li>muiden viranomaisten rekistereist\u00e4<\/li>\n<li>luottotietorekisterin pit\u00e4jilt\u00e4<\/li>\n<\/ul>\n<ol start=\"7\">\n<li><strong>Mihin henkil\u00f6tietoja s\u00e4\u00e4nn\u00f6nmukaisesti luovutetaan<\/strong><\/li>\n<\/ol>\n<p>Tietojen luovuttamisessa noudatetaan kulloinkin voimassa olevaa lains\u00e4\u00e4d\u00e4nt\u00f6\u00e4 ja luovuttaminen tapahtuu lains\u00e4\u00e4d\u00e4nn\u00f6n sallimissa rajoissa ja sen velvoittamin ehdoin.<\/p>\n<p>Henkil\u00f6tietoja voidaan luovuttaa vastuullisesti valituille yhteisty\u00f6kumppaneille sellaisiin markkinointitarkoituksiin, jotka tukevat rekisterin k\u00e4ytt\u00f6tarkoitusta.<\/p>\n<p>Henkil\u00f6tietoja voidaan luovuttaa viranomaisille lakis\u00e4\u00e4teisiss\u00e4 tapauksissa.<\/p>\n<p>Toteutunutta kauppaa koskevia tietoja voidaan luovuttaa Kiinteist\u00f6nv\u00e4litysalan Keskusliitto (KVKL) ry:lle, jossa tiedot tallennetaan KVKL:n hintaseurantapalveluun (HSP).<\/p>\n<p>Asunto Ojala Oy voi siirt\u00e4\u00e4 rekisterin sis\u00e4lt\u00e4mi\u00e4 tietoja omiin suoramarkkinointirekistereihins\u00e4 asiakkuuden tai muun asiallisen yhteyden p\u00e4\u00e4ttymisen j\u00e4lkeen.<\/p>\n<p>Asunto Ojala Oy k\u00e4ytt\u00e4\u00e4 toiminnassaan palveluntarjoajia (henkil\u00f6tietojen k\u00e4sittelij\u00e4t), joille Asunto Ojala Oy siirt\u00e4\u00e4 henkil\u00f6tietoja sellaisten palveluiden tai teht\u00e4vien toteuttamiseksi, joista on palveluntarjoajan kanssa sovittu. Asunto Ojala Oy on sopimuksellisin j\u00e4rjestelyin varmistunut siit\u00e4, ett\u00e4 henkil\u00f6tietoja k\u00e4sitell\u00e4\u00e4n vain rekisterinpit\u00e4j\u00e4n antamien kirjallisten ohjeiden perusteella ja vain niihin tarkoituksiin, jotka t\u00e4ss\u00e4 tietosuojaselosteessa on m\u00e4\u00e4ritelty.<\/p>\n<p>Tietoja ei p\u00e4\u00e4s\u00e4\u00e4nt\u00f6isesti luovuteta Euroopan Unionin j\u00e4senvaltioiden alueen tai Euroopan talousalueen ulkopuolelle, ellei se ole henkil\u00f6tietojen k\u00e4sittelyn tarkoituksien tai henkil\u00f6tietojen teknisen toteuttamisen kannalta tarpeellista. T\u00e4ll\u00f6in tietojen siirrossa noudatetaan henkil\u00f6tietolains\u00e4\u00e4d\u00e4nn\u00f6n vaatimuksia.<\/p>\n<ol start=\"8\">\n<li><strong>Tietojen s\u00e4ilytt\u00e4minen<\/strong><\/li>\n<\/ol>\n<p>Asunto Ojala Oy s\u00e4ilytt\u00e4\u00e4 asiakasrekisteriss\u00e4 olevia tietoja lains\u00e4\u00e4d\u00e4nn\u00f6n edellytt\u00e4m\u00e4n ajan.<\/p>\n<p>Sopimussuhteen p\u00e4\u00e4ttymisen j\u00e4lkeen henkil\u00f6tietoja s\u00e4ilytet\u00e4\u00e4n 10 vuotta toimeksiantoon liittyvien velvoite- ja vastuukysymysten vuoksi. Asuntokaupan osapuolena (ostaja, tarjouksen tekij\u00e4) olevan henkil\u00f6n henkil\u00f6tietoja s\u00e4ilytet\u00e4\u00e4n 10 vuotta kaupan tekemisest\u00e4, mink\u00e4 j\u00e4lkeen tiedot poistetaan rekisterist\u00e4.<\/p>\n<p>Potentiaalisen asiakkaan osalta tiedot poistetaan tai anonymisoidaan noin vuoden kuluttua siit\u00e4, kun asiakas on viimeksi ottanut yhteytt\u00e4.<\/p>\n<ol start=\"9\">\n<li><strong>Rekister\u00f6idyn oikeuksien k\u00e4ytt\u00e4minen henkil\u00f6tietojen k\u00e4sittelyss\u00e4<\/strong><\/li>\n<\/ol>\n<p>Rekister\u00f6idyll\u00e4 on oikeus saada rekisterinpit\u00e4j\u00e4lt\u00e4 vahvistus siit\u00e4, k\u00e4sitell\u00e4\u00e4nk\u00f6 rekister\u00f6idyn henkil\u00f6tietoja tai ett\u00e4 niit\u00e4 ei k\u00e4sitell\u00e4.<\/p>\n<p>Mik\u00e4li rekisterinpit\u00e4j\u00e4 k\u00e4sittelee rekister\u00f6idyn henkil\u00f6tietoja, rekister\u00f6idyll\u00e4 on oikeus saada t\u00e4ss\u00e4 asiakirjassa kuvattujen tietojen lis\u00e4ksi my\u00f6s j\u00e4ljenn\u00f6s k\u00e4sitelt\u00e4vist\u00e4 henkil\u00f6tiedoista.<\/p>\n<p>Rekister\u00f6idyll\u00e4 on oikeus vaatia rekisteriss\u00e4 olevan, h\u00e4nt\u00e4 koskevan virheellisen tiedon oikaisemista, poistamista tai t\u00e4ydent\u00e4mist\u00e4.<\/p>\n<p>Rekister\u00f6idyll\u00e4 on my\u00f6s oikeus pyyt\u00e4\u00e4 henkil\u00f6tietojensa k\u00e4sittelyn rajoittamista tai muuten vastustaa k\u00e4sittely\u00e4. Rekister\u00f6idyll\u00e4 on my\u00f6s aina oikeus vastustaa henkil\u00f6tietojensa k\u00e4sittely\u00e4 suoramarkkinointia varten.<\/p>\n<ol start=\"10\">\n<li><strong>Oikeus peruuttaa suostumus<\/strong><\/li>\n<\/ol>\n<p>Mik\u00e4li rekisterinpit\u00e4j\u00e4 k\u00e4sittelee rekister\u00f6idyn henkil\u00f6tietoja suostumuksen perusteella, rekister\u00f6idyll\u00e4 on oikeus peruuttaa suostumuksensa. Suostumuksen peruuttaminen voi kuitenkin vaikuttaa palvelun k\u00e4ytett\u00e4vyyteen ja toiminnallisuuksiin.<\/p>\n<ol start=\"11\">\n<li><strong>Rekisterin suojaus<\/strong><\/li>\n<\/ol>\n<p>Rekisteriin liittyv\u00e4t tietokannat ovat palomuurein, salasanoin ja muin teknisin keinoin suojattuja ulkoisia tietomurtoja vastaan. Tietokannat ja niiden varmuuskopiot sijaitsevat lukituissa tiloissa.<\/p>\n<p>K\u00e4ytt\u00f6oikeudet tietoihin on rajattu siten, ett\u00e4 k\u00e4ytt\u00f6oikeus on p\u00e4\u00e4s\u00e4\u00e4nt\u00f6isesti vain henkil\u00f6ill\u00e4, joiden ty\u00f6teht\u00e4v\u00e4n\u00e4 on rekister\u00f6idyn antamien toimeksiantojen tai tilaamien palveluiden hoitaminen rekisterin k\u00e4ytt\u00f6tarkoituksen mukaisesti.<\/p>\n<ol start=\"12\">\n<li><strong>Valvontaviranomainen<\/strong><\/li>\n<\/ol>\n<p>Rekister\u00f6ity voi valittaa Asunto Ojala Oy:n menettelyst\u00e4 tietosuojaviranomaiselle. Valvontaviranomaisena toimii tietosuojavaltuutettu.<\/p>\t\t\t\t\t\t<\/div>\n\t\t\t\t<\/div>\n\t\t\t\t\t<\/div>\n\t\t<\/div>\n\t\t\t\t\t\t\t<\/div>\n\t\t<\/section>\n\t\t\t\t\t\t\t<\/div>\n\t\t","protected":false},"excerpt":{"rendered":"<p>Henkil\u00f6tietojen k\u00e4ytt\u00f6 ja tietosuoja HENKIL\u00d6TIETOJEN K\u00c4SITTELY ASUNTO OJALA OY:SS\u00c4 Yleist\u00e4 Asunto Ojala Oy on P\u00e4ij\u00e4t-H\u00e4meess\u00e4 p\u00e4\u00e4asiallisesti toimiva kiinteist\u00f6nv\u00e4litysalan yritys. Asiakastietojen k\u00e4sittely&nbsp;Korkean tietosuojan ja tietoturvan tason turvaaminen on ensiarvoisen t\u00e4rke\u00e4\u00e4 kaikessa toiminnassamme. Huolehdimme, ett\u00e4 yksityisyyden suoja toteutuu henkil\u00f6tietojen k\u00e4sittelyss\u00e4. Mit\u00e4 on henkil\u00f6tieto?&nbsp;Henkil\u00f6tietoa on kaikki tieto, josta luonnollinen henkil\u00f6 voidaan tunnistaa suoraan tai tietoja eri tavoin yhdistelem\u00e4ll\u00e4&#8230;.<\/p>\n","protected":false},"author":1,"featured_media":0,"parent":0,"menu_order":0,"comment_status":"closed","ping_status":"closed","template":"","meta":{"_kad_post_transparent":"","_kad_post_title":"hide","_kad_post_layout":"fullwidth","_kad_post_sidebar_id":"","_kad_post_content_style":"unboxed","_kad_post_vertical_padding":"hide","_kad_post_feature":"hide","_kad_post_feature_position":"","_kad_post_header":false,"_kad_post_footer":false,"footnotes":""},"class_list":["post-1550","page","type-page","status-publish","hentry"],"_links":{"self":[{"href":"https:\/\/asuntoojala.fi\/index.php?rest_route=\/wp\/v2\/pages\/1550","targetHints":{"allow":["GET"]}}],"collection":[{"href":"https:\/\/asuntoojala.fi\/index.php?rest_route=\/wp\/v2\/pages"}],"about":[{"href":"https:\/\/asuntoojala.fi\/index.php?rest_route=\/wp\/v2\/types\/page"}],"author":[{"embeddable":true,"href":"https:\/\/asuntoojala.fi\/index.php?rest_route=\/wp\/v2\/users\/1"}],"replies":[{"embeddable":true,"href":"https:\/\/asuntoojala.fi\/index.php?rest_route=%2Fwp%2Fv2%2Fcomments&post=1550"}],"version-history":[{"count":16,"href":"https:\/\/asuntoojala.fi\/index.php?rest_route=\/wp\/v2\/pages\/1550\/revisions"}],"predecessor-version":[{"id":1580,"href":"https:\/\/asuntoojala.fi\/index.php?rest_route=\/wp\/v2\/pages\/1550\/revisions\/1580"}],"wp:attachment":[{"href":"https:\/\/asuntoojala.fi\/index.php?rest_route=%2Fwp%2Fv2%2Fmedia&parent=1550"}],"curies":[{"name":"wp","href":"https:\/\/api.w.org\/{rel}","templated":true}]}}