{"id":1527,"date":"2023-01-20T09:43:41","date_gmt":"2023-01-20T09:43:41","guid":{"rendered":"https:\/\/asuntoojala.fi\/?page_id=1527"},"modified":"2023-01-20T10:30:16","modified_gmt":"2023-01-20T10:30:16","slug":"elementor-1527","status":"publish","type":"page","link":"https:\/\/asuntoojala.fi\/?page_id=1527","title":{"rendered":"Hinnasto"},"content":{"rendered":"\t\t<div data-elementor-type=\"wp-page\" data-elementor-id=\"1527\" class=\"elementor elementor-1527\">\n\t\t\t\t\t\t\t\t\t<section class=\"elementor-section elementor-top-section elementor-element elementor-element-dbca0b1 elementor-section-boxed elementor-section-height-default elementor-section-height-default\" data-id=\"dbca0b1\" data-element_type=\"section\" data-settings=\"{&quot;background_background&quot;:&quot;classic&quot;}\">\n\t\t\t\t\t\t\t<div class=\"elementor-background-overlay\"><\/div>\n\t\t\t\t\t\t\t<div class=\"elementor-container elementor-column-gap-default\">\n\t\t\t\t\t<div class=\"elementor-column elementor-col-100 elementor-top-column elementor-element elementor-element-ca4b3cd\" data-id=\"ca4b3cd\" data-element_type=\"column\" data-settings=\"{&quot;background_background&quot;:&quot;classic&quot;}\">\n\t\t\t<div class=\"elementor-widget-wrap elementor-element-populated\">\n\t\t\t\t\t\t\t\t<div class=\"elementor-element elementor-element-786bbd6 elementor-widget elementor-widget-heading\" data-id=\"786bbd6\" data-element_type=\"widget\" data-widget_type=\"heading.default\">\n\t\t\t\t<div class=\"elementor-widget-container\">\n\t\t\t<style>\/*! elementor - v3.9.2 - 28-12-2022 *\/\n.elementor-heading-title{padding:0;margin:0;line-height:1}.elementor-widget-heading .elementor-heading-title[class*=elementor-size-]>a{color:inherit;font-size:inherit;line-height:inherit}.elementor-widget-heading .elementor-heading-title.elementor-size-small{font-size:15px}.elementor-widget-heading .elementor-heading-title.elementor-size-medium{font-size:19px}.elementor-widget-heading .elementor-heading-title.elementor-size-large{font-size:29px}.elementor-widget-heading .elementor-heading-title.elementor-size-xl{font-size:39px}.elementor-widget-heading .elementor-heading-title.elementor-size-xxl{font-size:59px}<\/style><h2 class=\"elementor-heading-title elementor-size-default\">Hinnasto\u200b<\/h2>\t\t<\/div>\n\t\t\t\t<\/div>\n\t\t\t\t<div class=\"elementor-element elementor-element-ee82add elementor-widget elementor-widget-text-editor\" data-id=\"ee82add\" data-element_type=\"widget\" data-widget_type=\"text-editor.default\">\n\t\t\t\t<div class=\"elementor-widget-container\">\n\t\t\t<style>\/*! elementor - v3.9.2 - 28-12-2022 *\/\n.elementor-widget-text-editor.elementor-drop-cap-view-stacked .elementor-drop-cap{background-color:#818a91;color:#fff}.elementor-widget-text-editor.elementor-drop-cap-view-framed .elementor-drop-cap{color:#818a91;border:3px solid;background-color:transparent}.elementor-widget-text-editor:not(.elementor-drop-cap-view-default) .elementor-drop-cap{margin-top:8px}.elementor-widget-text-editor:not(.elementor-drop-cap-view-default) .elementor-drop-cap-letter{width:1em;height:1em}.elementor-widget-text-editor .elementor-drop-cap{float:left;text-align:center;line-height:1;font-size:50px}.elementor-widget-text-editor .elementor-drop-cap-letter{display:inline-block}<\/style>\t\t\t\t<p>V\u00e4litys- ja arviointipalkkiot neuvotellaan tapauskohtaisesti \u2013 kysy tarjous!<br \/>Kaikki alla olevat hinnat ovat sis. alv 24 % hintoja<\/p><p><strong>V\u00c4LITYSPALVELUT<\/strong><\/p><p>V\u00e4lityspalkkio velattomasta hinnasta 4,96 % \u00a0<\/p><ul><li>v\u00e4himm\u00e4ispalkkio osakehuoneistot\u00a0 \u00a03000 \u20ac\u00a0\u00a0\u00a0\u00a0\u00a0\u00a0\u00a0\u00a0\u00a0<\/li><li>v\u00e4himm\u00e4ispalkkio kiinteist\u00f6t\u00a0 \u00a0 \u00a0 \u00a0 \u00a0 \u00a0 \u00a0 \u00a03400 \u20ac\u00a0\u00a0\u00a0\u00a0\u00a0\u00a0\u00a0\u00a0\u00a0<\/li><\/ul><p>\u00a0+ asiakirja- ja markkinointikulut\u00a0 \u00a0 \u00a0 \u00a0 \u00a0 \u00a0 \u00a0 \u00a0 \u00a0 150 \u20ac<\/p><p><strong>ARVIOINTIPALVELUT<\/strong><\/p><ul><li>Kirjallinen arvio osakehuoneistot\u00a0 \u00a0 \u00a0 \u00a0 \u00a0alk. 350 \u20ac\u00a0\u00a0\u00a0\u00a0\u00a0<\/li><li>Kirjallinen arvio kiinteist\u00f6t\u00a0 \u00a0 \u00a0 \u00a0 \u00a0 \u00a0 \u00a0 \u00a0 \u00a0 \u00a0 \u00a0alk. 500 \u20ac\u00a0\u00a0\u00a0\u00a0\u00a0<\/li><li>Kirjallinen arvio liikehuoneistot\u00a0 \u00a0 \u00a0 \u00a0 \u00a0 \u00a0 alk. 600 \u20ac\u00a0\u00a0\u00a0\u00a0\u00a0<\/li><\/ul><p>+ tapauskohtaisesti asiakirjakulut ja kilometrikorvaus<\/p><p><strong>VUOKRAUSPALVELUT<\/strong><\/p><p>Vuokrauspalkkio\u00a0 \u00a0 \u00a0 \u00a0 \u00a0 \u00a0 \u00a0 \u00a0 \u00a0 \u00a0 \u00a0 \u00a0 \u00a0 \u00a0 \u00a0 \u00a0 \u00a0 \u00a0 \u00a0 \u00a0 \u00a0 \u00a01,24 x 1 kk vuokra<br \/>+ asiakirja- ja markkinointikulut\u00a0 \u00a0 \u00a0 \u00a0 \u00a0 \u00a0 \u00a0 \u00a0 \u00a0100 \u20ac<\/p><p><strong>KAUPPAKIRJOJEN LAADINNAT<\/strong><\/p><ul><li>Kiinteist\u00f6n kauppakirja\u00a0 \u00a0 \u00a0 \u00a0 \u00a0 \u00a0 \u00a0 \u00a0 \u00a0 \u00a0 \u00a0 \u00a0 alk.\u00a0350 \u20ac<\/li><li>Osakehuoneiston kauppakirja\u00a0 \u00a0 \u00a0 \u00a0 \u00a0 \u00a0 alk.\u00a0350 \u20ac<\/li><\/ul><p>+ tapauskohtaisesti asiakirjakulut ja kilometrikorvaus<\/p>\t\t\t\t\t\t<\/div>\n\t\t\t\t<\/div>\n\t\t\t\t\t<\/div>\n\t\t<\/div>\n\t\t\t\t\t\t\t<\/div>\n\t\t<\/section>\n\t\t\t\t\t\t\t<\/div>\n\t\t","protected":false},"excerpt":{"rendered":"<p>Hinnasto\u200b V\u00e4litys- ja arviointipalkkiot neuvotellaan tapauskohtaisesti \u2013 kysy tarjous!Kaikki alla olevat hinnat ovat sis. alv 24 % hintoja V\u00c4LITYSPALVELUT V\u00e4lityspalkkio velattomasta hinnasta 4,96 % \u00a0 v\u00e4himm\u00e4ispalkkio osakehuoneistot\u00a0 \u00a03000 \u20ac\u00a0\u00a0\u00a0\u00a0\u00a0\u00a0\u00a0\u00a0\u00a0 v\u00e4himm\u00e4ispalkkio kiinteist\u00f6t\u00a0 \u00a0 \u00a0 \u00a0 \u00a0 \u00a0 \u00a0 \u00a03400 \u20ac\u00a0\u00a0\u00a0\u00a0\u00a0\u00a0\u00a0\u00a0\u00a0 \u00a0+ asiakirja- ja markkinointikulut\u00a0 \u00a0 \u00a0 \u00a0 \u00a0 \u00a0 \u00a0 \u00a0 \u00a0 150 \u20ac ARVIOINTIPALVELUT Kirjallinen&#8230;<\/p>\n","protected":false},"author":1,"featured_media":0,"parent":0,"menu_order":0,"comment_status":"closed","ping_status":"closed","template":"","meta":{"_kad_post_transparent":"default","_kad_post_title":"hide","_kad_post_layout":"fullwidth","_kad_post_sidebar_id":"","_kad_post_content_style":"unboxed","_kad_post_vertical_padding":"hide","_kad_post_feature":"hide","_kad_post_feature_position":"","_kad_post_header":false,"_kad_post_footer":false,"footnotes":""},"class_list":["post-1527","page","type-page","status-publish","hentry"],"_links":{"self":[{"href":"https:\/\/asuntoojala.fi\/index.php?rest_route=\/wp\/v2\/pages\/1527","targetHints":{"allow":["GET"]}}],"collection":[{"href":"https:\/\/asuntoojala.fi\/index.php?rest_route=\/wp\/v2\/pages"}],"about":[{"href":"https:\/\/asuntoojala.fi\/index.php?rest_route=\/wp\/v2\/types\/page"}],"author":[{"embeddable":true,"href":"https:\/\/asuntoojala.fi\/index.php?rest_route=\/wp\/v2\/users\/1"}],"replies":[{"embeddable":true,"href":"https:\/\/asuntoojala.fi\/index.php?rest_route=%2Fwp%2Fv2%2Fcomments&post=1527"}],"version-history":[{"count":22,"href":"https:\/\/asuntoojala.fi\/index.php?rest_route=\/wp\/v2\/pages\/1527\/revisions"}],"predecessor-version":[{"id":1560,"href":"https:\/\/asuntoojala.fi\/index.php?rest_route=\/wp\/v2\/pages\/1527\/revisions\/1560"}],"wp:attachment":[{"href":"https:\/\/asuntoojala.fi\/index.php?rest_route=%2Fwp%2Fv2%2Fmedia&parent=1527"}],"curies":[{"name":"wp","href":"https:\/\/api.w.org\/{rel}","templated":true}]}}